{"id":8523,"date":"2025-12-19T00:45:22","date_gmt":"2025-12-19T00:45:22","guid":{"rendered":"https:\/\/xtirpa.moodd.online\/solutions\/xlt-sistema-ajustavel-com-alcance-de-72-18-m\/"},"modified":"2025-12-19T01:16:48","modified_gmt":"2025-12-19T01:16:48","slug":"xlt-sistema-ajustavel-com-alcance-de-72-18-m","status":"publish","type":"product","link":"https:\/\/www.xtirpa.com\/pt-pt\/solutions\/xlt-sistema-ajustavel-com-alcance-de-72-18-m\/","title":{"rendered":"XLT Sistema ajust\u00e1vel com alcance de 72&#8243; \/ 1,8 m"},"content":{"rendered":"<h2><b>Bra\u00e7o davit XTIRPA\u2122 IN-8020 \/ IN-5039<\/b><\/h2>\n<p class=\"p3\">O XTIRPA\u2122 <span class=\"s2\"><b>IN-8020<\/b><\/span>tamb\u00e9m referenciado como n\u00famero de pe\u00e7a <span class=\"s2\"><b>IN-5039<\/b><\/span>\u00e9 um Bra\u00e7o davit modular em alum\u00ednio concebido especificamente para <span class=\"s2\"><b>aplica\u00e7\u00f5es de trabalho em altura<\/b><\/span>fornecendo um ponto de ancoragem seguro e compat\u00edvel para prote\u00e7\u00e3o contra quedas e opera\u00e7\u00f5es de salvamento.<\/p>\n<p class=\"p3\">O sistema possui um <span class=\"s2\"><b>Bra\u00e7o davit ajust\u00e1vel<\/b><\/span> concebido para oferecer um alcance controlado sobre a \u00e1rea de trabalho, permitindo aos utilizadores posicionar o ponto de ancoragem precisamente de acordo com os requisitos do local. O seu <span class=\"s2\"><b>mastro regul\u00e1vel em altura<\/b><\/span> permite a adapta\u00e7\u00e3o a diferentes alturas de trabalho e restri\u00e7\u00f5es estruturais, garantindo um alinhamento \u00f3timo e uma transfer\u00eancia de carga segura durante a utiliza\u00e7\u00e3o.<\/p>\n<p class=\"p3\">Um plano de <span class=\"s2\"><b>plano de resgate<\/b><\/span> est\u00e1 integrado na conce\u00e7\u00e3o do sistema, permitindo que as situa\u00e7\u00f5es de paragem por queda sejam geridas em seguran\u00e7a quando utilizadas com dispositivos de resgate e recupera\u00e7\u00e3o compat\u00edveis. O IN-8020 pode ser configurado com um calha suspensa opcionalque proporciona um movimento horizontal suave e um melhor posicionamento do utilizador durante as tarefas de trabalho em altura. Um <span class=\"s2\"><b>carrinho de contrapeso opcional<\/b><\/span> tamb\u00e9m est\u00e1 dispon\u00edvel, facilitando a desloca\u00e7\u00e3o segura e simplificando o manuseamento quando \u00e9 necess\u00e1ria uma instala\u00e7\u00e3o baseada em contrapesos.<\/p>\n<p class=\"p3\">Para instala\u00e7\u00f5es fixas ou semi-permanentes, o sistema pode ser montado num <span class=\"s2\"><b>adaptador de ch\u00e3o<\/b><\/span> ou num <span class=\"s2\"><b>adaptador de base embutida<\/b><\/span>oferecendo flexibilidade para se adaptar a diferentes disposi\u00e7\u00f5es do local e condi\u00e7\u00f5es estruturais.<\/p>\n<p class=\"p3\">Fabricado em a\u00e7o de alta resist\u00eancia, o XTIRPA\u2122 IN-8020 combina durabilidade com facilidade de manuseamento. Concebido para se integrar na perfei\u00e7\u00e3o com sistemas de reten\u00e7\u00e3o de quedas pessoais, linhas de vida auto-retr\u00e1cteis e dispositivos de salvamento, proporciona uma solu\u00e7\u00e3o vers\u00e1til e fi\u00e1vel para ambientes de trabalho elevados onde a adaptabilidade, a seguran\u00e7a e o desempenho s\u00e3o essenciais.<\/p>\n","protected":false},"excerpt":{"rendered":"<p>XLT Sistema ajust\u00e1vel com alcance de 72&#8243; \/ 1,8 m<\/p>\n","protected":false},"featured_media":8548,"template":"","meta":{"_acf_changed":false,"iawp_total_views":0},"product_brand":[],"product_cat":[604],"product_tag":[642],"class_list":{"0":"post-8523","1":"product","2":"type-product","3":"status-publish","4":"has-post-thumbnail","6":"product_cat-vertical","7":"product_tag-in-8020","9":"first","10":"instock","11":"shipping-taxable","12":"product-type-simple"},"acf":[],"yoast_head":"<!-- This site is optimized with the Yoast SEO Premium plugin v27.5 (Yoast SEO v27.5) - https:\/\/yoast.com\/product\/yoast-seo-premium-wordpress\/ -->\n<title>XLT Sistema ajust\u00e1vel com alcance de 72&quot; \/ 1,8 m - Xtirpa<\/title>\n<meta name=\"robots\" content=\"index, follow, max-snippet:-1, max-image-preview:large, max-video-preview:-1\" \/>\n<link rel=\"canonical\" href=\"https:\/\/www.xtirpa.com\/pt-pt\/solutions\/xlt-sistema-ajustavel-com-alcance-de-72-18-m\/\" \/>\n<meta property=\"og:locale\" content=\"pt_PT\" \/>\n<meta property=\"og:type\" content=\"article\" \/>\n<meta property=\"og:title\" content=\"XLT Sistema ajust\u00e1vel com alcance de 72&quot; \/ 1,8 m - Confined space solutions\" \/>\n<meta property=\"og:description\" content=\"Confined space safety solutions - XLT Sistema ajust\u00e1vel com alcance de 72&quot; \/ 1,8 m\" \/>\n<meta property=\"og:url\" content=\"https:\/\/www.xtirpa.com\/pt-pt\/solutions\/xlt-sistema-ajustavel-com-alcance-de-72-18-m\/\" \/>\n<meta property=\"og:site_name\" content=\"Xtirpa\" \/>\n<meta property=\"article:publisher\" content=\"https:\/\/www.facebook.com\/Xtirpa\/\" \/>\n<meta property=\"article:modified_time\" content=\"2025-12-19T01:16:48+00:00\" \/>\n<meta property=\"og:image\" content=\"https:\/\/www.xtirpa.com\/wp-content\/uploads\/Xtirpa-8020-IN5039-confined-space-XLT-system-15-300x300-1.webp\" \/>\n\t<meta property=\"og:image:width\" content=\"300\" \/>\n\t<meta property=\"og:image:height\" content=\"300\" \/>\n\t<meta property=\"og:image:type\" content=\"image\/webp\" \/>\n<meta name=\"twitter:card\" content=\"summary_large_image\" \/>\n<meta name=\"twitter:label1\" content=\"pre\u00e7o\" \/>\n\t<meta name=\"twitter:data1\" content=\"\" \/>\n\t<meta name=\"twitter:label2\" content=\"Disponibilidade\" \/>\n\t<meta name=\"twitter:data2\" content=\"Em stock\" \/>\n<script type=\"application\/ld+json\" class=\"yoast-schema-graph\">{\"@context\":\"https:\\\/\\\/schema.org\",\"@graph\":[{\"@type\":\"WebPage\",\"@id\":\"https:\\\/\\\/www.xtirpa.com\\\/pt-pt\\\/solutions\\\/xlt-sistema-ajustavel-com-alcance-de-72-18-m\\\/\",\"url\":\"https:\\\/\\\/www.xtirpa.com\\\/pt-pt\\\/solutions\\\/xlt-sistema-ajustavel-com-alcance-de-72-18-m\\\/\",\"name\":\"XLT Sistema ajust\u00e1vel com alcance de 72\\\" \\\/ 1,8 m - Xtirpa\",\"isPartOf\":{\"@id\":\"https:\\\/\\\/www.xtirpa.com\\\/#website\"},\"primaryImageOfPage\":{\"@id\":\"https:\\\/\\\/www.xtirpa.com\\\/pt-pt\\\/solutions\\\/xlt-sistema-ajustavel-com-alcance-de-72-18-m\\\/#primaryimage\"},\"image\":{\"@id\":\"https:\\\/\\\/www.xtirpa.com\\\/pt-pt\\\/solutions\\\/xlt-sistema-ajustavel-com-alcance-de-72-18-m\\\/#primaryimage\"},\"thumbnailUrl\":\"https:\\\/\\\/www.xtirpa.com\\\/wp-content\\\/uploads\\\/Xtirpa-8020-IN5039-confined-space-XLT-system-15-300x300-1.webp\",\"datePublished\":\"2025-12-19T00:45:22+00:00\",\"dateModified\":\"2025-12-19T01:16:48+00:00\",\"breadcrumb\":{\"@id\":\"https:\\\/\\\/www.xtirpa.com\\\/pt-pt\\\/solutions\\\/xlt-sistema-ajustavel-com-alcance-de-72-18-m\\\/#breadcrumb\"},\"inLanguage\":\"pt-PT\",\"potentialAction\":[{\"@type\":\"ReadAction\",\"target\":[\"https:\\\/\\\/www.xtirpa.com\\\/pt-pt\\\/solutions\\\/xlt-sistema-ajustavel-com-alcance-de-72-18-m\\\/\"]}]},{\"@type\":\"ImageObject\",\"inLanguage\":\"pt-PT\",\"@id\":\"https:\\\/\\\/www.xtirpa.com\\\/pt-pt\\\/solutions\\\/xlt-sistema-ajustavel-com-alcance-de-72-18-m\\\/#primaryimage\",\"url\":\"https:\\\/\\\/www.xtirpa.com\\\/wp-content\\\/uploads\\\/Xtirpa-8020-IN5039-confined-space-XLT-system-15-300x300-1.webp\",\"contentUrl\":\"https:\\\/\\\/www.xtirpa.com\\\/wp-content\\\/uploads\\\/Xtirpa-8020-IN5039-confined-space-XLT-system-15-300x300-1.webp\",\"width\":300,\"height\":300},{\"@type\":\"BreadcrumbList\",\"@id\":\"https:\\\/\\\/www.xtirpa.com\\\/pt-pt\\\/solutions\\\/xlt-sistema-ajustavel-com-alcance-de-72-18-m\\\/#breadcrumb\",\"itemListElement\":[{\"@type\":\"ListItem\",\"position\":1,\"name\":\"Home\",\"item\":\"https:\\\/\\\/www.xtirpa.com\\\/\"},{\"@type\":\"ListItem\",\"position\":2,\"name\":\"Solu\u00e7\u00f5es\",\"item\":\"https:\\\/\\\/www.xtirpa.com\\\/pt-pt\\\/solucoes\\\/\"},{\"@type\":\"ListItem\",\"position\":3,\"name\":\"XLT Sistema ajust\u00e1vel com alcance de 72&#8243; \\\/ 1,8 m\"}]},{\"@type\":\"WebSite\",\"@id\":\"https:\\\/\\\/www.xtirpa.com\\\/#website\",\"url\":\"https:\\\/\\\/www.xtirpa.com\\\/\",\"name\":\"Xtirpa\u2122 - Confined Space and work at height Safety Solutions\",\"description\":\"Engineered safety for access and rescue\",\"publisher\":{\"@id\":\"https:\\\/\\\/www.xtirpa.com\\\/#organization\"},\"alternateName\":\"Xtirpa\u2122 safety for access and rescue at height and confined space\",\"potentialAction\":[{\"@type\":\"SearchAction\",\"target\":{\"@type\":\"EntryPoint\",\"urlTemplate\":\"https:\\\/\\\/www.xtirpa.com\\\/?s={search_term_string}\"},\"query-input\":{\"@type\":\"PropertyValueSpecification\",\"valueRequired\":true,\"valueName\":\"search_term_string\"}}],\"inLanguage\":\"pt-PT\"},{\"@type\":\"Organization\",\"@id\":\"https:\\\/\\\/www.xtirpa.com\\\/#organization\",\"name\":\"Xtirpa\u2122 - PSP Innova Inc.\",\"alternateName\":\"PSP Innova Inc. - Xtirpa\u2122\",\"url\":\"https:\\\/\\\/www.xtirpa.com\\\/\",\"logo\":{\"@type\":\"ImageObject\",\"inLanguage\":\"pt-PT\",\"@id\":\"https:\\\/\\\/www.xtirpa.com\\\/#\\\/schema\\\/logo\\\/image\\\/\",\"url\":\"https:\\\/\\\/www.xtirpa.com\\\/wp-content\\\/uploads\\\/2025\\\/03\\\/XTIRPA_yellow.png\",\"contentUrl\":\"https:\\\/\\\/www.xtirpa.com\\\/wp-content\\\/uploads\\\/2025\\\/03\\\/XTIRPA_yellow.png\",\"width\":1571,\"height\":544,\"caption\":\"Xtirpa\u2122 - PSP Innova Inc.\"},\"image\":{\"@id\":\"https:\\\/\\\/www.xtirpa.com\\\/#\\\/schema\\\/logo\\\/image\\\/\"},\"sameAs\":[\"https:\\\/\\\/www.facebook.com\\\/Xtirpa\\\/\",\"https:\\\/\\\/www.linkedin.com\\\/company\\\/psp-innova\\\/\",\"https:\\\/\\\/www.youtube.com\\\/@xtirpa\",\"https:\\\/\\\/www.instagram.com\\\/xtirpa\\\/\"],\"description\":\"Xtirpa\u2122 is a global manufacturer of modular safety systems designed for confined space access, rescue, and work-at-height applications. The company develops and supplies engineered solutions that help organizations protect workers operating in high-risk environments while meeting international safety and compliance requirements. Specialized in lightweight aluminum structures, Xtirpa\u2122 systems are designed to be modular, adaptable, and easy to deploy across a wide range of industrial, municipal, and utility applications. The product portfolio includes tripods, davit arms, rail systems, pole hoists, adapters, and anchorage solutions that integrate seamlessly with fall arrest and rescue equipment. Xtirpa\u2122 solutions are used worldwide in sectors such as water and wastewater, mining, oil and gas, utilities, transportation, food and pharmaceutical production, and general industry. Each system is developed with a focus on safety, usability, and operational efficiency, allowing teams to work safely while minimizing setup time and site constraints. Committed to innovation and continuous improvement, Xtirpa\u2122 works closely with certified partners and service centers to provide technical support, training, and local expertise. Through its global partner network, the company ensures consistent quality, compliance, and support for confined space and work-at-height operations. Xtirpa\u2122 is part of the Canopy group of safety brands, contributing to a broader ecosystem dedicated to fall protection, rescue, and worker safety solutions.\",\"email\":\"info@xtirpa.com\",\"telephone\":\"+14507771240\",\"legalName\":\"PSP Innova Inc.\",\"numberOfEmployees\":{\"@type\":\"QuantitativeValue\",\"minValue\":\"51\",\"maxValue\":\"200\"},\"publishingPrinciples\":\"https:\\\/\\\/www.xtirpa.com\\\/company\\\/\",\"ownershipFundingInfo\":\"https:\\\/\\\/www.xtirpa.com\\\/company\\\/\",\"actionableFeedbackPolicy\":\"https:\\\/\\\/www.xtirpa.com\\\/terms-and-conditions\\\/\",\"correctionsPolicy\":\"https:\\\/\\\/www.xtirpa.com\\\/privacy-and-cookie-policy\\\/\"}]}<\/script>\n<meta property=\"product:price:currency\" content=\"EUR\" \/>\n<meta property=\"og:availability\" content=\"instock\" \/>\n<meta property=\"product:availability\" content=\"instock\" \/>\n<meta property=\"product:condition\" content=\"new\" \/>\n<!-- \/ Yoast SEO Premium plugin. -->","yoast_head_json":{"title":"XLT Sistema ajust\u00e1vel com alcance de 72\" \/ 1,8 m - Xtirpa","robots":{"index":"index","follow":"follow","max-snippet":"max-snippet:-1","max-image-preview":"max-image-preview:large","max-video-preview":"max-video-preview:-1"},"canonical":"https:\/\/www.xtirpa.com\/pt-pt\/solutions\/xlt-sistema-ajustavel-com-alcance-de-72-18-m\/","og_locale":"pt_PT","og_type":"article","og_title":"XLT Sistema ajust\u00e1vel com alcance de 72\" \/ 1,8 m - Confined space solutions","og_description":"Confined space safety solutions - XLT Sistema ajust\u00e1vel com alcance de 72\" \/ 1,8 m","og_url":"https:\/\/www.xtirpa.com\/pt-pt\/solutions\/xlt-sistema-ajustavel-com-alcance-de-72-18-m\/","og_site_name":"Xtirpa","article_publisher":"https:\/\/www.facebook.com\/Xtirpa\/","article_modified_time":"2025-12-19T01:16:48+00:00","og_image":[{"width":300,"height":300,"url":"https:\/\/www.xtirpa.com\/wp-content\/uploads\/Xtirpa-8020-IN5039-confined-space-XLT-system-15-300x300-1.webp","type":"image\/webp"}],"twitter_card":"summary_large_image","twitter_misc":{"pre\u00e7o":"","Disponibilidade":"Em stock"},"schema":{"@context":"https:\/\/schema.org","@graph":[{"@type":"WebPage","@id":"https:\/\/www.xtirpa.com\/pt-pt\/solutions\/xlt-sistema-ajustavel-com-alcance-de-72-18-m\/","url":"https:\/\/www.xtirpa.com\/pt-pt\/solutions\/xlt-sistema-ajustavel-com-alcance-de-72-18-m\/","name":"XLT Sistema ajust\u00e1vel com alcance de 72\" \/ 1,8 m - Xtirpa","isPartOf":{"@id":"https:\/\/www.xtirpa.com\/#website"},"primaryImageOfPage":{"@id":"https:\/\/www.xtirpa.com\/pt-pt\/solutions\/xlt-sistema-ajustavel-com-alcance-de-72-18-m\/#primaryimage"},"image":{"@id":"https:\/\/www.xtirpa.com\/pt-pt\/solutions\/xlt-sistema-ajustavel-com-alcance-de-72-18-m\/#primaryimage"},"thumbnailUrl":"https:\/\/www.xtirpa.com\/wp-content\/uploads\/Xtirpa-8020-IN5039-confined-space-XLT-system-15-300x300-1.webp","datePublished":"2025-12-19T00:45:22+00:00","dateModified":"2025-12-19T01:16:48+00:00","breadcrumb":{"@id":"https:\/\/www.xtirpa.com\/pt-pt\/solutions\/xlt-sistema-ajustavel-com-alcance-de-72-18-m\/#breadcrumb"},"inLanguage":"pt-PT","potentialAction":[{"@type":"ReadAction","target":["https:\/\/www.xtirpa.com\/pt-pt\/solutions\/xlt-sistema-ajustavel-com-alcance-de-72-18-m\/"]}]},{"@type":"ImageObject","inLanguage":"pt-PT","@id":"https:\/\/www.xtirpa.com\/pt-pt\/solutions\/xlt-sistema-ajustavel-com-alcance-de-72-18-m\/#primaryimage","url":"https:\/\/www.xtirpa.com\/wp-content\/uploads\/Xtirpa-8020-IN5039-confined-space-XLT-system-15-300x300-1.webp","contentUrl":"https:\/\/www.xtirpa.com\/wp-content\/uploads\/Xtirpa-8020-IN5039-confined-space-XLT-system-15-300x300-1.webp","width":300,"height":300},{"@type":"BreadcrumbList","@id":"https:\/\/www.xtirpa.com\/pt-pt\/solutions\/xlt-sistema-ajustavel-com-alcance-de-72-18-m\/#breadcrumb","itemListElement":[{"@type":"ListItem","position":1,"name":"Home","item":"https:\/\/www.xtirpa.com\/"},{"@type":"ListItem","position":2,"name":"Solu\u00e7\u00f5es","item":"https:\/\/www.xtirpa.com\/pt-pt\/solucoes\/"},{"@type":"ListItem","position":3,"name":"XLT Sistema ajust\u00e1vel com alcance de 72&#8243; \/ 1,8 m"}]},{"@type":"WebSite","@id":"https:\/\/www.xtirpa.com\/#website","url":"https:\/\/www.xtirpa.com\/","name":"Xtirpa\u2122 - Confined Space and work at height Safety Solutions","description":"Engineered safety for access and rescue","publisher":{"@id":"https:\/\/www.xtirpa.com\/#organization"},"alternateName":"Xtirpa\u2122 safety for access and rescue at height and confined space","potentialAction":[{"@type":"SearchAction","target":{"@type":"EntryPoint","urlTemplate":"https:\/\/www.xtirpa.com\/?s={search_term_string}"},"query-input":{"@type":"PropertyValueSpecification","valueRequired":true,"valueName":"search_term_string"}}],"inLanguage":"pt-PT"},{"@type":"Organization","@id":"https:\/\/www.xtirpa.com\/#organization","name":"Xtirpa\u2122 - PSP Innova Inc.","alternateName":"PSP Innova Inc. - Xtirpa\u2122","url":"https:\/\/www.xtirpa.com\/","logo":{"@type":"ImageObject","inLanguage":"pt-PT","@id":"https:\/\/www.xtirpa.com\/#\/schema\/logo\/image\/","url":"https:\/\/www.xtirpa.com\/wp-content\/uploads\/2025\/03\/XTIRPA_yellow.png","contentUrl":"https:\/\/www.xtirpa.com\/wp-content\/uploads\/2025\/03\/XTIRPA_yellow.png","width":1571,"height":544,"caption":"Xtirpa\u2122 - PSP Innova Inc."},"image":{"@id":"https:\/\/www.xtirpa.com\/#\/schema\/logo\/image\/"},"sameAs":["https:\/\/www.facebook.com\/Xtirpa\/","https:\/\/www.linkedin.com\/company\/psp-innova\/","https:\/\/www.youtube.com\/@xtirpa","https:\/\/www.instagram.com\/xtirpa\/"],"description":"Xtirpa\u2122 is a global manufacturer of modular safety systems designed for confined space access, rescue, and work-at-height applications. The company develops and supplies engineered solutions that help organizations protect workers operating in high-risk environments while meeting international safety and compliance requirements. Specialized in lightweight aluminum structures, Xtirpa\u2122 systems are designed to be modular, adaptable, and easy to deploy across a wide range of industrial, municipal, and utility applications. The product portfolio includes tripods, davit arms, rail systems, pole hoists, adapters, and anchorage solutions that integrate seamlessly with fall arrest and rescue equipment. Xtirpa\u2122 solutions are used worldwide in sectors such as water and wastewater, mining, oil and gas, utilities, transportation, food and pharmaceutical production, and general industry. Each system is developed with a focus on safety, usability, and operational efficiency, allowing teams to work safely while minimizing setup time and site constraints. Committed to innovation and continuous improvement, Xtirpa\u2122 works closely with certified partners and service centers to provide technical support, training, and local expertise. Through its global partner network, the company ensures consistent quality, compliance, and support for confined space and work-at-height operations. Xtirpa\u2122 is part of the Canopy group of safety brands, contributing to a broader ecosystem dedicated to fall protection, rescue, and worker safety solutions.","email":"info@xtirpa.com","telephone":"+14507771240","legalName":"PSP Innova Inc.","numberOfEmployees":{"@type":"QuantitativeValue","minValue":"51","maxValue":"200"},"publishingPrinciples":"https:\/\/www.xtirpa.com\/company\/","ownershipFundingInfo":"https:\/\/www.xtirpa.com\/company\/","actionableFeedbackPolicy":"https:\/\/www.xtirpa.com\/terms-and-conditions\/","correctionsPolicy":"https:\/\/www.xtirpa.com\/privacy-and-cookie-policy\/"}]},"product_price_currency":"EUR","og_availability":"instock","product_availability":"instock","product_condition":"new"},"_links":{"self":[{"href":"https:\/\/www.xtirpa.com\/pt-pt\/wp-json\/wp\/v2\/product\/8523","targetHints":{"allow":["GET"]}}],"collection":[{"href":"https:\/\/www.xtirpa.com\/pt-pt\/wp-json\/wp\/v2\/product"}],"about":[{"href":"https:\/\/www.xtirpa.com\/pt-pt\/wp-json\/wp\/v2\/types\/product"}],"version-history":[{"count":0,"href":"https:\/\/www.xtirpa.com\/pt-pt\/wp-json\/wp\/v2\/product\/8523\/revisions"}],"wp:featuredmedia":[{"embeddable":true,"href":"https:\/\/www.xtirpa.com\/pt-pt\/wp-json\/wp\/v2\/media\/8548"}],"wp:attachment":[{"href":"https:\/\/www.xtirpa.com\/pt-pt\/wp-json\/wp\/v2\/media?parent=8523"}],"wp:term":[{"taxonomy":"product_brand","embeddable":true,"href":"https:\/\/www.xtirpa.com\/pt-pt\/wp-json\/wp\/v2\/product_brand?post=8523"},{"taxonomy":"product_cat","embeddable":true,"href":"https:\/\/www.xtirpa.com\/pt-pt\/wp-json\/wp\/v2\/product_cat?post=8523"},{"taxonomy":"product_tag","embeddable":true,"href":"https:\/\/www.xtirpa.com\/pt-pt\/wp-json\/wp\/v2\/product_tag?post=8523"}],"curies":[{"name":"wp","href":"https:\/\/api.w.org\/{rel}","templated":true}]}}