{"id":7842,"date":"2025-06-23T14:47:00","date_gmt":"2025-06-23T14:47:00","guid":{"rendered":"https:\/\/xtirpa.moodd.online\/solutions\/24-610-mm-barricade-autoportante-avec-potence-integre\/"},"modified":"2026-04-08T01:47:45","modified_gmt":"2026-04-08T06:47:45","slug":"24-610-mm-barricade-autoportante-avec-potence-integre","status":"publish","type":"product","link":"https:\/\/www.xtirpa.com\/fr\/solutions\/24-610-mm-barricade-autoportante-avec-potence-integre\/","title":{"rendered":"24&Prime; | 610 mm Barricade autoportante \u00e0 bras de potence"},"content":{"rendered":"<p style=\"font-weight: 400;\"><strong>Protection collective<\/strong><\/p>\n<p style=\"font-weight: 400;\">L&rsquo;IN-8002 est un garde-corps mobile sur lequel peut \u00eatre mont\u00e9 un bras de potence d&rsquo;une port\u00e9e de 610 mm. Ce syst\u00e8me d&rsquo;entr\u00e9e est sp\u00e9cialement con\u00e7u pour s\u00e9curiser les utilisateurs travaillant au-dessus d&rsquo;ouvertures verticales (trous d&rsquo;homme, trappes, etc.). Le garde-corps offre une protection collective aux agents de s\u00e9curit\u00e9 ou autres personnes pr\u00e9sentes.  <\/p>\n<p style=\"font-weight: 400;\"><strong>Configuration en \u00ab\u00a0V\u00a0\u00bb ou \u00e0 4 c\u00f4t\u00e9s<\/strong><\/p>\n<p style=\"font-weight: 400;\">Gr\u00e2ce \u00e0 sa conception modulaire, l&rsquo;utilisateur peut installer le garde-corps dans une disposition classique \u00e0 4 c\u00f4t\u00e9s ou en forme de \u00ab\u00a0V\u00a0\u00bb. Le garde-corps peut \u00eatre ouvert tout en conservant sa stabilit\u00e9. En cas d&rsquo;utilisation en \u00ab\u00a0V\u00a0\u00bb ou avec un bloc antichute de plus de 15 m\u00e8tres, un stabilisateur suppl\u00e9mentaire doit \u00eatre utilis\u00e9. Le stabilisateur \u00e0 roues (A2108-20) permet de d\u00e9placer le syst\u00e8me sur des surfaces planes.   <\/p>\n<p style=\"font-weight: 400;\"><strong>Installation et mouvementation rapides<\/strong><\/p>\n<p style=\"font-weight: 400;\">Le syst\u00e8me peut \u00eatre install\u00e9 en moins de 3 minutes sans aucun outil. Le verrouillage se fait \u00e0 l&rsquo;aide de goupilles de s\u00e9curit\u00e9. Le garde-corps l\u00e9ger et compact est facile \u00e0 transporter et peut \u00eatre install\u00e9 ind\u00e9pendamment.  <\/p>\n<p style=\"font-weight: 400;\"><strong>Compatibilit\u00e9 SRL \/ Treuil<\/strong><\/p>\n<p style=\"font-weight: 400;\">L&rsquo;IN-8002 est enti\u00e8rement compatible avec le treuil Xtirpa\u2122 SRL (IN-2477) ou un treuil personnel motoris\u00e9. Diff\u00e9rents supports de montage sont disponibles pour diff\u00e9rentes marques de blocs antichute. <\/p>\n<p style=\"font-weight: 400;\"><strong>Point d&rsquo;ancrage solide et stable pour 2 personnes<\/strong><\/p>\n<p style=\"font-weight: 400;\">La potence, en combinaison avec le garde-corps, a une r\u00e9sistance \u00e0 la rupture de 18,68 kN et est plus stable apr\u00e8s une chute par rapport aux syst\u00e8mes utilisant une base en H. L&rsquo;anneau d&rsquo;ancrage en D en acier au centre du bras a une r\u00e9sistance \u00e0 la rupture de 22 kN.<br \/>\nLe syst\u00e8me est certifi\u00e9 EN 795 Type B, CEN\/TS 16415 pour 2 personnes, OSHA, et CSA, et supporte une charge de travail s\u00fbre de 190 kg. <\/p>\n","protected":false},"excerpt":{"rendered":"<p>IN-8002<\/p>\n","protected":false},"featured_media":2169,"template":"","meta":{"_acf_changed":false,"iawp_total_views":51},"product_brand":[],"product_cat":[497],"product_tag":[336],"class_list":{"0":"post-7842","1":"product","2":"type-product","3":"status-publish","4":"has-post-thumbnail","6":"product_cat-vertical","7":"product_tag-in-8002","9":"first","10":"instock","11":"shipping-taxable","12":"product-type-simple"},"acf":[],"yoast_head":"<!-- This site is optimized with the Yoast SEO Premium plugin v27.3 (Yoast SEO v27.3) - https:\/\/yoast.com\/product\/yoast-seo-premium-wordpress\/ -->\n<title>Potence 24-610mm avec barricade autoportante | Xtirpa<\/title>\n<meta name=\"description\" content=\"24&quot; \/ 610 mm Potence avec barricade autoportante. Un syst\u00e8me stable et portable pour l&#039;acc\u00e8s et la r\u00e9cup\u00e9ration en toute s\u00e9curit\u00e9 dans les espaces confin\u00e9s.\" \/>\n<meta name=\"robots\" content=\"index, follow, max-snippet:-1, max-image-preview:large, max-video-preview:-1\" \/>\n<link rel=\"canonical\" href=\"https:\/\/www.xtirpa.com\/fr\/solutions\/24-610-mm-barricade-autoportante-avec-potence-integre\/\" \/>\n<meta property=\"og:locale\" content=\"fr_FR\" \/>\n<meta property=\"og:type\" content=\"article\" \/>\n<meta property=\"og:title\" content=\"24&quot; | 610 mm Barricade autoportante \u00e0 bras de potence - Confined space solutions\" \/>\n<meta property=\"og:description\" content=\"Confined space safety solutions - 24&quot; | 610 mm Barricade autoportante \u00e0 bras de potence\" \/>\n<meta property=\"og:url\" content=\"https:\/\/www.xtirpa.com\/fr\/solutions\/24-610-mm-barricade-autoportante-avec-potence-integre\/\" \/>\n<meta property=\"og:site_name\" content=\"Xtirpa\" \/>\n<meta property=\"article:publisher\" content=\"https:\/\/www.facebook.com\/Xtirpa\/\" \/>\n<meta property=\"article:modified_time\" content=\"2026-04-08T06:47:45+00:00\" \/>\n<meta property=\"og:image\" content=\"https:\/\/www.xtirpa.com\/wp-content\/uploads\/2025\/06\/Condor-safety-bv-confined-space-IN-8002-1478.jpg\" \/>\n\t<meta property=\"og:image:width\" content=\"948\" \/>\n\t<meta property=\"og:image:height\" content=\"1300\" \/>\n\t<meta property=\"og:image:type\" content=\"image\/jpeg\" \/>\n<meta name=\"twitter:card\" content=\"summary_large_image\" \/>\n<meta name=\"twitter:label1\" content=\"Prix\" \/>\n\t<meta name=\"twitter:data1\" content=\"\" \/>\n\t<meta name=\"twitter:label2\" content=\"Disponibilit\u00e9\" \/>\n\t<meta name=\"twitter:data2\" content=\"En stock\" \/>\n<script type=\"application\/ld+json\" class=\"yoast-schema-graph\">{\"@context\":\"https:\\\/\\\/schema.org\",\"@graph\":[{\"@type\":\"WebPage\",\"@id\":\"https:\\\/\\\/www.xtirpa.com\\\/fr\\\/solutions\\\/24-610-mm-barricade-autoportante-avec-potence-integre\\\/\",\"url\":\"https:\\\/\\\/www.xtirpa.com\\\/fr\\\/solutions\\\/24-610-mm-barricade-autoportante-avec-potence-integre\\\/\",\"name\":\"Potence 24-610mm avec barricade autoportante | Xtirpa\",\"isPartOf\":{\"@id\":\"https:\\\/\\\/www.xtirpa.com\\\/#website\"},\"primaryImageOfPage\":{\"@id\":\"https:\\\/\\\/www.xtirpa.com\\\/fr\\\/solutions\\\/24-610-mm-barricade-autoportante-avec-potence-integre\\\/#primaryimage\"},\"image\":{\"@id\":\"https:\\\/\\\/www.xtirpa.com\\\/fr\\\/solutions\\\/24-610-mm-barricade-autoportante-avec-potence-integre\\\/#primaryimage\"},\"thumbnailUrl\":\"https:\\\/\\\/www.xtirpa.com\\\/wp-content\\\/uploads\\\/2025\\\/06\\\/Condor-safety-bv-confined-space-IN-8002-1478.jpg\",\"datePublished\":\"2025-06-23T14:47:00+00:00\",\"dateModified\":\"2026-04-08T06:47:45+00:00\",\"description\":\"24\\\" \\\/ 610 mm Potence avec barricade autoportante. Un syst\u00e8me stable et portable pour l'acc\u00e8s et la r\u00e9cup\u00e9ration en toute s\u00e9curit\u00e9 dans les espaces confin\u00e9s.\",\"breadcrumb\":{\"@id\":\"https:\\\/\\\/www.xtirpa.com\\\/fr\\\/solutions\\\/24-610-mm-barricade-autoportante-avec-potence-integre\\\/#breadcrumb\"},\"inLanguage\":\"fr-FR\",\"potentialAction\":[{\"@type\":\"ReadAction\",\"target\":[\"https:\\\/\\\/www.xtirpa.com\\\/fr\\\/solutions\\\/24-610-mm-barricade-autoportante-avec-potence-integre\\\/\"]}]},{\"@type\":\"ImageObject\",\"inLanguage\":\"fr-FR\",\"@id\":\"https:\\\/\\\/www.xtirpa.com\\\/fr\\\/solutions\\\/24-610-mm-barricade-autoportante-avec-potence-integre\\\/#primaryimage\",\"url\":\"https:\\\/\\\/www.xtirpa.com\\\/wp-content\\\/uploads\\\/2025\\\/06\\\/Condor-safety-bv-confined-space-IN-8002-1478.jpg\",\"contentUrl\":\"https:\\\/\\\/www.xtirpa.com\\\/wp-content\\\/uploads\\\/2025\\\/06\\\/Condor-safety-bv-confined-space-IN-8002-1478.jpg\",\"width\":948,\"height\":1300},{\"@type\":\"BreadcrumbList\",\"@id\":\"https:\\\/\\\/www.xtirpa.com\\\/fr\\\/solutions\\\/24-610-mm-barricade-autoportante-avec-potence-integre\\\/#breadcrumb\",\"itemListElement\":[{\"@type\":\"ListItem\",\"position\":1,\"name\":\"Home\",\"item\":\"https:\\\/\\\/www.xtirpa.com\\\/\"},{\"@type\":\"ListItem\",\"position\":2,\"name\":\"Solutions\",\"item\":\"https:\\\/\\\/www.xtirpa.com\\\/fr\\\/solutions\\\/\"},{\"@type\":\"ListItem\",\"position\":3,\"name\":\"24&Prime; | 610 mm Barricade autoportante \u00e0 bras de potence\"}]},{\"@type\":\"WebSite\",\"@id\":\"https:\\\/\\\/www.xtirpa.com\\\/#website\",\"url\":\"https:\\\/\\\/www.xtirpa.com\\\/\",\"name\":\"Xtirpa\u2122 - Confined Space and work at height Safety Solutions\",\"description\":\"Engineered safety for access and rescue\",\"publisher\":{\"@id\":\"https:\\\/\\\/www.xtirpa.com\\\/#organization\"},\"alternateName\":\"Xtirpa\u2122 safety for access and rescue at height and confined space\",\"potentialAction\":[{\"@type\":\"SearchAction\",\"target\":{\"@type\":\"EntryPoint\",\"urlTemplate\":\"https:\\\/\\\/www.xtirpa.com\\\/?s={search_term_string}\"},\"query-input\":{\"@type\":\"PropertyValueSpecification\",\"valueRequired\":true,\"valueName\":\"search_term_string\"}}],\"inLanguage\":\"fr-FR\"},{\"@type\":\"Organization\",\"@id\":\"https:\\\/\\\/www.xtirpa.com\\\/#organization\",\"name\":\"Xtirpa\u2122 - PSP Innova Inc.\",\"alternateName\":\"PSP Innova Inc. - Xtirpa\u2122\",\"url\":\"https:\\\/\\\/www.xtirpa.com\\\/\",\"logo\":{\"@type\":\"ImageObject\",\"inLanguage\":\"fr-FR\",\"@id\":\"https:\\\/\\\/www.xtirpa.com\\\/#\\\/schema\\\/logo\\\/image\\\/\",\"url\":\"https:\\\/\\\/www.xtirpa.com\\\/wp-content\\\/uploads\\\/2025\\\/03\\\/XTIRPA_yellow.png\",\"contentUrl\":\"https:\\\/\\\/www.xtirpa.com\\\/wp-content\\\/uploads\\\/2025\\\/03\\\/XTIRPA_yellow.png\",\"width\":1571,\"height\":544,\"caption\":\"Xtirpa\u2122 - PSP Innova Inc.\"},\"image\":{\"@id\":\"https:\\\/\\\/www.xtirpa.com\\\/#\\\/schema\\\/logo\\\/image\\\/\"},\"sameAs\":[\"https:\\\/\\\/www.facebook.com\\\/Xtirpa\\\/\",\"https:\\\/\\\/www.linkedin.com\\\/company\\\/psp-innova\\\/\",\"https:\\\/\\\/www.youtube.com\\\/@xtirpa\",\"https:\\\/\\\/www.instagram.com\\\/xtirpa\\\/\"],\"description\":\"Xtirpa\u2122 is a global manufacturer of modular safety systems designed for confined space access, rescue, and work-at-height applications. The company develops and supplies engineered solutions that help organizations protect workers operating in high-risk environments while meeting international safety and compliance requirements. Specialized in lightweight aluminum structures, Xtirpa\u2122 systems are designed to be modular, adaptable, and easy to deploy across a wide range of industrial, municipal, and utility applications. The product portfolio includes tripods, davit arms, rail systems, pole hoists, adapters, and anchorage solutions that integrate seamlessly with fall arrest and rescue equipment. Xtirpa\u2122 solutions are used worldwide in sectors such as water and wastewater, mining, oil and gas, utilities, transportation, food and pharmaceutical production, and general industry. Each system is developed with a focus on safety, usability, and operational efficiency, allowing teams to work safely while minimizing setup time and site constraints. Committed to innovation and continuous improvement, Xtirpa\u2122 works closely with certified partners and service centers to provide technical support, training, and local expertise. Through its global partner network, the company ensures consistent quality, compliance, and support for confined space and work-at-height operations. Xtirpa\u2122 is part of the Canopy group of safety brands, contributing to a broader ecosystem dedicated to fall protection, rescue, and worker safety solutions.\",\"email\":\"info@xtirpa.com\",\"telephone\":\"+14507771240\",\"legalName\":\"PSP Innova Inc.\",\"numberOfEmployees\":{\"@type\":\"QuantitativeValue\",\"minValue\":\"51\",\"maxValue\":\"200\"},\"publishingPrinciples\":\"https:\\\/\\\/www.xtirpa.com\\\/company\\\/\",\"ownershipFundingInfo\":\"https:\\\/\\\/www.xtirpa.com\\\/company\\\/\",\"actionableFeedbackPolicy\":\"https:\\\/\\\/www.xtirpa.com\\\/terms-and-conditions\\\/\",\"correctionsPolicy\":\"https:\\\/\\\/www.xtirpa.com\\\/privacy-and-cookie-policy\\\/\"}]}<\/script>\n<meta property=\"product:price:currency\" content=\"EUR\" \/>\n<meta property=\"og:availability\" content=\"instock\" \/>\n<meta property=\"product:availability\" content=\"instock\" \/>\n<meta property=\"product:condition\" content=\"new\" \/>\n<!-- \/ Yoast SEO Premium plugin. -->","yoast_head_json":{"title":"Potence 24-610mm avec barricade autoportante | Xtirpa","description":"24\" \/ 610 mm Potence avec barricade autoportante. Un syst\u00e8me stable et portable pour l'acc\u00e8s et la r\u00e9cup\u00e9ration en toute s\u00e9curit\u00e9 dans les espaces confin\u00e9s.","robots":{"index":"index","follow":"follow","max-snippet":"max-snippet:-1","max-image-preview":"max-image-preview:large","max-video-preview":"max-video-preview:-1"},"canonical":"https:\/\/www.xtirpa.com\/fr\/solutions\/24-610-mm-barricade-autoportante-avec-potence-integre\/","og_locale":"fr_FR","og_type":"article","og_title":"24\" | 610 mm Barricade autoportante \u00e0 bras de potence - Confined space solutions","og_description":"Confined space safety solutions - 24\" | 610 mm Barricade autoportante \u00e0 bras de potence","og_url":"https:\/\/www.xtirpa.com\/fr\/solutions\/24-610-mm-barricade-autoportante-avec-potence-integre\/","og_site_name":"Xtirpa","article_publisher":"https:\/\/www.facebook.com\/Xtirpa\/","article_modified_time":"2026-04-08T06:47:45+00:00","og_image":[{"width":948,"height":1300,"url":"https:\/\/www.xtirpa.com\/wp-content\/uploads\/2025\/06\/Condor-safety-bv-confined-space-IN-8002-1478.jpg","type":"image\/jpeg"}],"twitter_card":"summary_large_image","twitter_misc":{"Prix":"","Disponibilit\u00e9":"En stock"},"schema":{"@context":"https:\/\/schema.org","@graph":[{"@type":"WebPage","@id":"https:\/\/www.xtirpa.com\/fr\/solutions\/24-610-mm-barricade-autoportante-avec-potence-integre\/","url":"https:\/\/www.xtirpa.com\/fr\/solutions\/24-610-mm-barricade-autoportante-avec-potence-integre\/","name":"Potence 24-610mm avec barricade autoportante | Xtirpa","isPartOf":{"@id":"https:\/\/www.xtirpa.com\/#website"},"primaryImageOfPage":{"@id":"https:\/\/www.xtirpa.com\/fr\/solutions\/24-610-mm-barricade-autoportante-avec-potence-integre\/#primaryimage"},"image":{"@id":"https:\/\/www.xtirpa.com\/fr\/solutions\/24-610-mm-barricade-autoportante-avec-potence-integre\/#primaryimage"},"thumbnailUrl":"https:\/\/www.xtirpa.com\/wp-content\/uploads\/2025\/06\/Condor-safety-bv-confined-space-IN-8002-1478.jpg","datePublished":"2025-06-23T14:47:00+00:00","dateModified":"2026-04-08T06:47:45+00:00","description":"24\" \/ 610 mm Potence avec barricade autoportante. Un syst\u00e8me stable et portable pour l'acc\u00e8s et la r\u00e9cup\u00e9ration en toute s\u00e9curit\u00e9 dans les espaces confin\u00e9s.","breadcrumb":{"@id":"https:\/\/www.xtirpa.com\/fr\/solutions\/24-610-mm-barricade-autoportante-avec-potence-integre\/#breadcrumb"},"inLanguage":"fr-FR","potentialAction":[{"@type":"ReadAction","target":["https:\/\/www.xtirpa.com\/fr\/solutions\/24-610-mm-barricade-autoportante-avec-potence-integre\/"]}]},{"@type":"ImageObject","inLanguage":"fr-FR","@id":"https:\/\/www.xtirpa.com\/fr\/solutions\/24-610-mm-barricade-autoportante-avec-potence-integre\/#primaryimage","url":"https:\/\/www.xtirpa.com\/wp-content\/uploads\/2025\/06\/Condor-safety-bv-confined-space-IN-8002-1478.jpg","contentUrl":"https:\/\/www.xtirpa.com\/wp-content\/uploads\/2025\/06\/Condor-safety-bv-confined-space-IN-8002-1478.jpg","width":948,"height":1300},{"@type":"BreadcrumbList","@id":"https:\/\/www.xtirpa.com\/fr\/solutions\/24-610-mm-barricade-autoportante-avec-potence-integre\/#breadcrumb","itemListElement":[{"@type":"ListItem","position":1,"name":"Home","item":"https:\/\/www.xtirpa.com\/"},{"@type":"ListItem","position":2,"name":"Solutions","item":"https:\/\/www.xtirpa.com\/fr\/solutions\/"},{"@type":"ListItem","position":3,"name":"24&Prime; | 610 mm Barricade autoportante \u00e0 bras de potence"}]},{"@type":"WebSite","@id":"https:\/\/www.xtirpa.com\/#website","url":"https:\/\/www.xtirpa.com\/","name":"Xtirpa\u2122 - Confined Space and work at height Safety Solutions","description":"Engineered safety for access and rescue","publisher":{"@id":"https:\/\/www.xtirpa.com\/#organization"},"alternateName":"Xtirpa\u2122 safety for access and rescue at height and confined space","potentialAction":[{"@type":"SearchAction","target":{"@type":"EntryPoint","urlTemplate":"https:\/\/www.xtirpa.com\/?s={search_term_string}"},"query-input":{"@type":"PropertyValueSpecification","valueRequired":true,"valueName":"search_term_string"}}],"inLanguage":"fr-FR"},{"@type":"Organization","@id":"https:\/\/www.xtirpa.com\/#organization","name":"Xtirpa\u2122 - PSP Innova Inc.","alternateName":"PSP Innova Inc. - Xtirpa\u2122","url":"https:\/\/www.xtirpa.com\/","logo":{"@type":"ImageObject","inLanguage":"fr-FR","@id":"https:\/\/www.xtirpa.com\/#\/schema\/logo\/image\/","url":"https:\/\/www.xtirpa.com\/wp-content\/uploads\/2025\/03\/XTIRPA_yellow.png","contentUrl":"https:\/\/www.xtirpa.com\/wp-content\/uploads\/2025\/03\/XTIRPA_yellow.png","width":1571,"height":544,"caption":"Xtirpa\u2122 - PSP Innova Inc."},"image":{"@id":"https:\/\/www.xtirpa.com\/#\/schema\/logo\/image\/"},"sameAs":["https:\/\/www.facebook.com\/Xtirpa\/","https:\/\/www.linkedin.com\/company\/psp-innova\/","https:\/\/www.youtube.com\/@xtirpa","https:\/\/www.instagram.com\/xtirpa\/"],"description":"Xtirpa\u2122 is a global manufacturer of modular safety systems designed for confined space access, rescue, and work-at-height applications. The company develops and supplies engineered solutions that help organizations protect workers operating in high-risk environments while meeting international safety and compliance requirements. Specialized in lightweight aluminum structures, Xtirpa\u2122 systems are designed to be modular, adaptable, and easy to deploy across a wide range of industrial, municipal, and utility applications. The product portfolio includes tripods, davit arms, rail systems, pole hoists, adapters, and anchorage solutions that integrate seamlessly with fall arrest and rescue equipment. Xtirpa\u2122 solutions are used worldwide in sectors such as water and wastewater, mining, oil and gas, utilities, transportation, food and pharmaceutical production, and general industry. Each system is developed with a focus on safety, usability, and operational efficiency, allowing teams to work safely while minimizing setup time and site constraints. Committed to innovation and continuous improvement, Xtirpa\u2122 works closely with certified partners and service centers to provide technical support, training, and local expertise. Through its global partner network, the company ensures consistent quality, compliance, and support for confined space and work-at-height operations. Xtirpa\u2122 is part of the Canopy group of safety brands, contributing to a broader ecosystem dedicated to fall protection, rescue, and worker safety solutions.","email":"info@xtirpa.com","telephone":"+14507771240","legalName":"PSP Innova Inc.","numberOfEmployees":{"@type":"QuantitativeValue","minValue":"51","maxValue":"200"},"publishingPrinciples":"https:\/\/www.xtirpa.com\/company\/","ownershipFundingInfo":"https:\/\/www.xtirpa.com\/company\/","actionableFeedbackPolicy":"https:\/\/www.xtirpa.com\/terms-and-conditions\/","correctionsPolicy":"https:\/\/www.xtirpa.com\/privacy-and-cookie-policy\/"}]},"product_price_currency":"EUR","og_availability":"instock","product_availability":"instock","product_condition":"new"},"_links":{"self":[{"href":"https:\/\/www.xtirpa.com\/fr\/wp-json\/wp\/v2\/product\/7842","targetHints":{"allow":["GET"]}}],"collection":[{"href":"https:\/\/www.xtirpa.com\/fr\/wp-json\/wp\/v2\/product"}],"about":[{"href":"https:\/\/www.xtirpa.com\/fr\/wp-json\/wp\/v2\/types\/product"}],"version-history":[{"count":1,"href":"https:\/\/www.xtirpa.com\/fr\/wp-json\/wp\/v2\/product\/7842\/revisions"}],"predecessor-version":[{"id":10497,"href":"https:\/\/www.xtirpa.com\/fr\/wp-json\/wp\/v2\/product\/7842\/revisions\/10497"}],"wp:featuredmedia":[{"embeddable":true,"href":"https:\/\/www.xtirpa.com\/fr\/wp-json\/wp\/v2\/media\/2169"}],"wp:attachment":[{"href":"https:\/\/www.xtirpa.com\/fr\/wp-json\/wp\/v2\/media?parent=7842"}],"wp:term":[{"taxonomy":"product_brand","embeddable":true,"href":"https:\/\/www.xtirpa.com\/fr\/wp-json\/wp\/v2\/product_brand?post=7842"},{"taxonomy":"product_cat","embeddable":true,"href":"https:\/\/www.xtirpa.com\/fr\/wp-json\/wp\/v2\/product_cat?post=7842"},{"taxonomy":"product_tag","embeddable":true,"href":"https:\/\/www.xtirpa.com\/fr\/wp-json\/wp\/v2\/product_tag?post=7842"}],"curies":[{"name":"wp","href":"https:\/\/api.w.org\/{rel}","templated":true}]}}