{"id":6004,"date":"2025-05-26T19:06:59","date_gmt":"2025-05-27T00:06:59","guid":{"rendered":"https:\/\/xtirpa.moodd.online\/solutions\/torno-xtirpa\/"},"modified":"2025-12-04T10:50:50","modified_gmt":"2025-12-04T10:50:50","slug":"torno-xtirpa","status":"publish","type":"product","link":"https:\/\/www.xtirpa.com\/es\/solutions\/torno-xtirpa\/","title":{"rendered":"Palanca de trinquete"},"content":{"rendered":"<p class=\"p1\"><b>La X<\/b>tirpa\u2122 IN-2071 Herramienta de palanca de trinquete <b>para pozos de registro, que redefine la potencia de elevaci\u00f3n<br \/>\n<\/b><b><\/b> Estamos orgullosos de presentar la Xtirpa\u2122 IN-2071, una herramienta de palanca de trinquete dise\u00f1ada para ofrecer potencia, seguridad y ergonom\u00eda en cada movimiento.<\/p>\n<p class=\"p3\">Desarrollada para simplificar las operaciones con tapas de alcantarilla, la IN-2071 combina ingenier\u00eda de precisi\u00f3n, ligereza y resistencia. Fabricada con aluminio de alta resistencia, esta herramienta ofrece un apalancamiento excepcional, a la vez que minimiza el esfuerzo necesario para levantar o mover incluso las tapas m\u00e1s pesadas.<\/p>\n<p class=\"p1\"><b>Dise\u00f1o ergon\u00f3mico y seguridad mejorada<br \/>\n<\/b><b><\/b> La IN-2071 ha sido cuidadosamente dise\u00f1ada pensando en la protecci\u00f3n del operario. Su empu\u00f1adura de carraca integrada garantiza un control preciso del movimiento, al tiempo que reduce el riesgo de lesiones causadas por levantamientos repetitivos o torpes. El mango antideslizante proporciona un agarre c\u00f3modo y seguro, garantizando la estabilidad y el control incluso en condiciones h\u00famedas o resbaladizas.<\/p>\n<p class=\"p1\"><b>Compatibilidad universal<br \/>\n<\/b><b><\/b> Uno de los puntos fuertes de la IN-2071 reside en su versatilidad. Compatible con una amplia gama de tapas de registro y placas de acceso, se adapta f\u00e1cilmente a los distintos di\u00e1metros y configuraciones que se encuentran sobre el terreno. Esto la convierte en una herramienta esencial para los equipos de mantenimiento, los operarios municipales y los profesionales del agua y las aguas residuales.<\/p>\n<p class=\"p1\"><b>Rendimiento y durabilidad<br \/>\n<\/b><b><\/b> Construida para durar, la IN-2071 refleja el compromiso de Xtirpa\u2122 con los materiales de calidad y la innovaci\u00f3n t\u00e9cnica. Ligera, compacta y f\u00e1cil de transportar, cabe perfectamente en veh\u00edculos o kits de herramientas de campo. Resistente a la corrosi\u00f3n y a entornos duros, garantiza fiabilidad y longevidad, incluso tras a\u00f1os de uso intensivo.<\/p>\n<p class=\"p1\"><b>Un Nuevo Est\u00e1ndar de Practicidad<br \/>\n<\/b><b><\/b> Con la IN-2071, Xtirpa\u2122 vuelve a establecer un nuevo est\u00e1ndar de seguridad y eficacia. Sencilla, r\u00e1pida e intuitiva, esta herramienta permite a los trabajadores levantar, mover y cerrar tapas de alcantarilla con seguridad, ahorrando tiempo y energ\u00eda en cada tarea.<\/p>\n<p class=\"p1\"><b>IN-2071 La fuerza de una palanca, la precisi\u00f3n de la ingenier\u00eda Xtirpa\u2122.<\/b><\/p>\n","protected":false},"excerpt":{"rendered":"<p>IN-2071<\/p>\n","protected":false},"featured_media":7439,"template":"","meta":{"_acf_changed":false,"iawp_total_views":13},"product_brand":[56],"product_cat":[588],"product_tag":[506],"class_list":{"0":"post-6004","1":"product","2":"type-product","3":"status-publish","4":"has-post-thumbnail","6":"product_brand-xtirpa","7":"product_cat-accesorios","8":"product_tag-in-2071","10":"first","11":"instock","12":"shipping-taxable","13":"product-type-simple"},"acf":[],"yoast_head":"<!-- This site is optimized with the Yoast SEO Premium plugin v27.5 (Yoast SEO v27.5) - https:\/\/yoast.com\/product\/yoast-seo-premium-wordpress\/ -->\n<title>Palanca de trinquete - Xtirpa<\/title>\n<meta name=\"robots\" content=\"index, follow, max-snippet:-1, max-image-preview:large, max-video-preview:-1\" \/>\n<link rel=\"canonical\" href=\"https:\/\/www.xtirpa.com\/es\/solutions\/torno-xtirpa\/\" \/>\n<meta property=\"og:locale\" content=\"es_ES\" \/>\n<meta property=\"og:type\" content=\"article\" \/>\n<meta property=\"og:title\" content=\"Palanca de trinquete - Confined space solutions\" \/>\n<meta property=\"og:description\" content=\"Confined space safety solutions - Palanca de trinquete\" \/>\n<meta property=\"og:url\" content=\"https:\/\/www.xtirpa.com\/es\/solutions\/torno-xtirpa\/\" \/>\n<meta property=\"og:site_name\" content=\"Xtirpa\" \/>\n<meta property=\"article:publisher\" content=\"https:\/\/www.facebook.com\/Xtirpa\/\" \/>\n<meta property=\"article:modified_time\" content=\"2025-12-04T10:50:50+00:00\" \/>\n<meta property=\"og:image\" content=\"https:\/\/www.xtirpa.com\/wp-content\/uploads\/2025\/05\/in-2071.webp\" \/>\n\t<meta property=\"og:image:width\" content=\"1800\" \/>\n\t<meta property=\"og:image:height\" content=\"1800\" \/>\n\t<meta property=\"og:image:type\" content=\"image\/webp\" \/>\n<meta name=\"twitter:card\" content=\"summary_large_image\" \/>\n<meta name=\"twitter:label1\" content=\"Precio\" \/>\n\t<meta name=\"twitter:data1\" content=\"\" \/>\n\t<meta name=\"twitter:label2\" content=\"Disponibilidad\" \/>\n\t<meta name=\"twitter:data2\" content=\"Disponible\" \/>\n<script type=\"application\/ld+json\" class=\"yoast-schema-graph\">{\"@context\":\"https:\\\/\\\/schema.org\",\"@graph\":[{\"@type\":\"WebPage\",\"@id\":\"https:\\\/\\\/www.xtirpa.com\\\/es\\\/solutions\\\/torno-xtirpa\\\/\",\"url\":\"https:\\\/\\\/www.xtirpa.com\\\/es\\\/solutions\\\/torno-xtirpa\\\/\",\"name\":\"Palanca de trinquete - Xtirpa\",\"isPartOf\":{\"@id\":\"https:\\\/\\\/www.xtirpa.com\\\/#website\"},\"primaryImageOfPage\":{\"@id\":\"https:\\\/\\\/www.xtirpa.com\\\/es\\\/solutions\\\/torno-xtirpa\\\/#primaryimage\"},\"image\":{\"@id\":\"https:\\\/\\\/www.xtirpa.com\\\/es\\\/solutions\\\/torno-xtirpa\\\/#primaryimage\"},\"thumbnailUrl\":\"https:\\\/\\\/www.xtirpa.com\\\/wp-content\\\/uploads\\\/2025\\\/05\\\/in-2071.webp\",\"datePublished\":\"2025-05-27T00:06:59+00:00\",\"dateModified\":\"2025-12-04T10:50:50+00:00\",\"breadcrumb\":{\"@id\":\"https:\\\/\\\/www.xtirpa.com\\\/es\\\/solutions\\\/torno-xtirpa\\\/#breadcrumb\"},\"inLanguage\":\"es\",\"potentialAction\":[{\"@type\":\"ReadAction\",\"target\":[\"https:\\\/\\\/www.xtirpa.com\\\/es\\\/solutions\\\/torno-xtirpa\\\/\"]}]},{\"@type\":\"ImageObject\",\"inLanguage\":\"es\",\"@id\":\"https:\\\/\\\/www.xtirpa.com\\\/es\\\/solutions\\\/torno-xtirpa\\\/#primaryimage\",\"url\":\"https:\\\/\\\/www.xtirpa.com\\\/wp-content\\\/uploads\\\/2025\\\/05\\\/in-2071.webp\",\"contentUrl\":\"https:\\\/\\\/www.xtirpa.com\\\/wp-content\\\/uploads\\\/2025\\\/05\\\/in-2071.webp\",\"width\":1800,\"height\":1800},{\"@type\":\"BreadcrumbList\",\"@id\":\"https:\\\/\\\/www.xtirpa.com\\\/es\\\/solutions\\\/torno-xtirpa\\\/#breadcrumb\",\"itemListElement\":[{\"@type\":\"ListItem\",\"position\":1,\"name\":\"Home\",\"item\":\"https:\\\/\\\/www.xtirpa.com\\\/\"},{\"@type\":\"ListItem\",\"position\":2,\"name\":\"Soluciones\",\"item\":\"https:\\\/\\\/www.xtirpa.com\\\/es\\\/soluciones\\\/\"},{\"@type\":\"ListItem\",\"position\":3,\"name\":\"Palanca de trinquete\"}]},{\"@type\":\"WebSite\",\"@id\":\"https:\\\/\\\/www.xtirpa.com\\\/#website\",\"url\":\"https:\\\/\\\/www.xtirpa.com\\\/\",\"name\":\"Xtirpa\u2122 - Confined Space and work at height Safety Solutions\",\"description\":\"Engineered safety for access and rescue\",\"publisher\":{\"@id\":\"https:\\\/\\\/www.xtirpa.com\\\/#organization\"},\"alternateName\":\"Xtirpa\u2122 safety for access and rescue at height and confined space\",\"potentialAction\":[{\"@type\":\"SearchAction\",\"target\":{\"@type\":\"EntryPoint\",\"urlTemplate\":\"https:\\\/\\\/www.xtirpa.com\\\/?s={search_term_string}\"},\"query-input\":{\"@type\":\"PropertyValueSpecification\",\"valueRequired\":true,\"valueName\":\"search_term_string\"}}],\"inLanguage\":\"es\"},{\"@type\":\"Organization\",\"@id\":\"https:\\\/\\\/www.xtirpa.com\\\/#organization\",\"name\":\"Xtirpa\u2122 - PSP Innova Inc.\",\"alternateName\":\"PSP Innova Inc. - Xtirpa\u2122\",\"url\":\"https:\\\/\\\/www.xtirpa.com\\\/\",\"logo\":{\"@type\":\"ImageObject\",\"inLanguage\":\"es\",\"@id\":\"https:\\\/\\\/www.xtirpa.com\\\/#\\\/schema\\\/logo\\\/image\\\/\",\"url\":\"https:\\\/\\\/www.xtirpa.com\\\/wp-content\\\/uploads\\\/2025\\\/03\\\/XTIRPA_yellow.png\",\"contentUrl\":\"https:\\\/\\\/www.xtirpa.com\\\/wp-content\\\/uploads\\\/2025\\\/03\\\/XTIRPA_yellow.png\",\"width\":1571,\"height\":544,\"caption\":\"Xtirpa\u2122 - PSP Innova Inc.\"},\"image\":{\"@id\":\"https:\\\/\\\/www.xtirpa.com\\\/#\\\/schema\\\/logo\\\/image\\\/\"},\"sameAs\":[\"https:\\\/\\\/www.facebook.com\\\/Xtirpa\\\/\",\"https:\\\/\\\/www.linkedin.com\\\/company\\\/psp-innova\\\/\",\"https:\\\/\\\/www.youtube.com\\\/@xtirpa\",\"https:\\\/\\\/www.instagram.com\\\/xtirpa\\\/\"],\"description\":\"Xtirpa\u2122 is a global manufacturer of modular safety systems designed for confined space access, rescue, and work-at-height applications. The company develops and supplies engineered solutions that help organizations protect workers operating in high-risk environments while meeting international safety and compliance requirements. Specialized in lightweight aluminum structures, Xtirpa\u2122 systems are designed to be modular, adaptable, and easy to deploy across a wide range of industrial, municipal, and utility applications. The product portfolio includes tripods, davit arms, rail systems, pole hoists, adapters, and anchorage solutions that integrate seamlessly with fall arrest and rescue equipment. Xtirpa\u2122 solutions are used worldwide in sectors such as water and wastewater, mining, oil and gas, utilities, transportation, food and pharmaceutical production, and general industry. Each system is developed with a focus on safety, usability, and operational efficiency, allowing teams to work safely while minimizing setup time and site constraints. Committed to innovation and continuous improvement, Xtirpa\u2122 works closely with certified partners and service centers to provide technical support, training, and local expertise. Through its global partner network, the company ensures consistent quality, compliance, and support for confined space and work-at-height operations. Xtirpa\u2122 is part of the Canopy group of safety brands, contributing to a broader ecosystem dedicated to fall protection, rescue, and worker safety solutions.\",\"email\":\"info@xtirpa.com\",\"telephone\":\"+14507771240\",\"legalName\":\"PSP Innova Inc.\",\"numberOfEmployees\":{\"@type\":\"QuantitativeValue\",\"minValue\":\"51\",\"maxValue\":\"200\"},\"publishingPrinciples\":\"https:\\\/\\\/www.xtirpa.com\\\/company\\\/\",\"ownershipFundingInfo\":\"https:\\\/\\\/www.xtirpa.com\\\/company\\\/\",\"actionableFeedbackPolicy\":\"https:\\\/\\\/www.xtirpa.com\\\/terms-and-conditions\\\/\",\"correctionsPolicy\":\"https:\\\/\\\/www.xtirpa.com\\\/privacy-and-cookie-policy\\\/\"}]}<\/script>\n<meta property=\"product:price:currency\" content=\"EUR\" \/>\n<meta property=\"og:availability\" content=\"instock\" \/>\n<meta property=\"product:availability\" content=\"instock\" \/>\n<meta property=\"product:condition\" content=\"new\" \/>\n<!-- \/ Yoast SEO Premium plugin. -->","yoast_head_json":{"title":"Palanca de trinquete - Xtirpa","robots":{"index":"index","follow":"follow","max-snippet":"max-snippet:-1","max-image-preview":"max-image-preview:large","max-video-preview":"max-video-preview:-1"},"canonical":"https:\/\/www.xtirpa.com\/es\/solutions\/torno-xtirpa\/","og_locale":"es_ES","og_type":"article","og_title":"Palanca de trinquete - Confined space solutions","og_description":"Confined space safety solutions - Palanca de trinquete","og_url":"https:\/\/www.xtirpa.com\/es\/solutions\/torno-xtirpa\/","og_site_name":"Xtirpa","article_publisher":"https:\/\/www.facebook.com\/Xtirpa\/","article_modified_time":"2025-12-04T10:50:50+00:00","og_image":[{"width":1800,"height":1800,"url":"https:\/\/www.xtirpa.com\/wp-content\/uploads\/2025\/05\/in-2071.webp","type":"image\/webp"}],"twitter_card":"summary_large_image","twitter_misc":{"Precio":"","Disponibilidad":"Disponible"},"schema":{"@context":"https:\/\/schema.org","@graph":[{"@type":"WebPage","@id":"https:\/\/www.xtirpa.com\/es\/solutions\/torno-xtirpa\/","url":"https:\/\/www.xtirpa.com\/es\/solutions\/torno-xtirpa\/","name":"Palanca de trinquete - Xtirpa","isPartOf":{"@id":"https:\/\/www.xtirpa.com\/#website"},"primaryImageOfPage":{"@id":"https:\/\/www.xtirpa.com\/es\/solutions\/torno-xtirpa\/#primaryimage"},"image":{"@id":"https:\/\/www.xtirpa.com\/es\/solutions\/torno-xtirpa\/#primaryimage"},"thumbnailUrl":"https:\/\/www.xtirpa.com\/wp-content\/uploads\/2025\/05\/in-2071.webp","datePublished":"2025-05-27T00:06:59+00:00","dateModified":"2025-12-04T10:50:50+00:00","breadcrumb":{"@id":"https:\/\/www.xtirpa.com\/es\/solutions\/torno-xtirpa\/#breadcrumb"},"inLanguage":"es","potentialAction":[{"@type":"ReadAction","target":["https:\/\/www.xtirpa.com\/es\/solutions\/torno-xtirpa\/"]}]},{"@type":"ImageObject","inLanguage":"es","@id":"https:\/\/www.xtirpa.com\/es\/solutions\/torno-xtirpa\/#primaryimage","url":"https:\/\/www.xtirpa.com\/wp-content\/uploads\/2025\/05\/in-2071.webp","contentUrl":"https:\/\/www.xtirpa.com\/wp-content\/uploads\/2025\/05\/in-2071.webp","width":1800,"height":1800},{"@type":"BreadcrumbList","@id":"https:\/\/www.xtirpa.com\/es\/solutions\/torno-xtirpa\/#breadcrumb","itemListElement":[{"@type":"ListItem","position":1,"name":"Home","item":"https:\/\/www.xtirpa.com\/"},{"@type":"ListItem","position":2,"name":"Soluciones","item":"https:\/\/www.xtirpa.com\/es\/soluciones\/"},{"@type":"ListItem","position":3,"name":"Palanca de trinquete"}]},{"@type":"WebSite","@id":"https:\/\/www.xtirpa.com\/#website","url":"https:\/\/www.xtirpa.com\/","name":"Xtirpa\u2122 - Confined Space and work at height Safety Solutions","description":"Engineered safety for access and rescue","publisher":{"@id":"https:\/\/www.xtirpa.com\/#organization"},"alternateName":"Xtirpa\u2122 safety for access and rescue at height and confined space","potentialAction":[{"@type":"SearchAction","target":{"@type":"EntryPoint","urlTemplate":"https:\/\/www.xtirpa.com\/?s={search_term_string}"},"query-input":{"@type":"PropertyValueSpecification","valueRequired":true,"valueName":"search_term_string"}}],"inLanguage":"es"},{"@type":"Organization","@id":"https:\/\/www.xtirpa.com\/#organization","name":"Xtirpa\u2122 - PSP Innova Inc.","alternateName":"PSP Innova Inc. - Xtirpa\u2122","url":"https:\/\/www.xtirpa.com\/","logo":{"@type":"ImageObject","inLanguage":"es","@id":"https:\/\/www.xtirpa.com\/#\/schema\/logo\/image\/","url":"https:\/\/www.xtirpa.com\/wp-content\/uploads\/2025\/03\/XTIRPA_yellow.png","contentUrl":"https:\/\/www.xtirpa.com\/wp-content\/uploads\/2025\/03\/XTIRPA_yellow.png","width":1571,"height":544,"caption":"Xtirpa\u2122 - PSP Innova Inc."},"image":{"@id":"https:\/\/www.xtirpa.com\/#\/schema\/logo\/image\/"},"sameAs":["https:\/\/www.facebook.com\/Xtirpa\/","https:\/\/www.linkedin.com\/company\/psp-innova\/","https:\/\/www.youtube.com\/@xtirpa","https:\/\/www.instagram.com\/xtirpa\/"],"description":"Xtirpa\u2122 is a global manufacturer of modular safety systems designed for confined space access, rescue, and work-at-height applications. The company develops and supplies engineered solutions that help organizations protect workers operating in high-risk environments while meeting international safety and compliance requirements. Specialized in lightweight aluminum structures, Xtirpa\u2122 systems are designed to be modular, adaptable, and easy to deploy across a wide range of industrial, municipal, and utility applications. The product portfolio includes tripods, davit arms, rail systems, pole hoists, adapters, and anchorage solutions that integrate seamlessly with fall arrest and rescue equipment. Xtirpa\u2122 solutions are used worldwide in sectors such as water and wastewater, mining, oil and gas, utilities, transportation, food and pharmaceutical production, and general industry. Each system is developed with a focus on safety, usability, and operational efficiency, allowing teams to work safely while minimizing setup time and site constraints. Committed to innovation and continuous improvement, Xtirpa\u2122 works closely with certified partners and service centers to provide technical support, training, and local expertise. Through its global partner network, the company ensures consistent quality, compliance, and support for confined space and work-at-height operations. Xtirpa\u2122 is part of the Canopy group of safety brands, contributing to a broader ecosystem dedicated to fall protection, rescue, and worker safety solutions.","email":"info@xtirpa.com","telephone":"+14507771240","legalName":"PSP Innova Inc.","numberOfEmployees":{"@type":"QuantitativeValue","minValue":"51","maxValue":"200"},"publishingPrinciples":"https:\/\/www.xtirpa.com\/company\/","ownershipFundingInfo":"https:\/\/www.xtirpa.com\/company\/","actionableFeedbackPolicy":"https:\/\/www.xtirpa.com\/terms-and-conditions\/","correctionsPolicy":"https:\/\/www.xtirpa.com\/privacy-and-cookie-policy\/"}]},"product_price_currency":"EUR","og_availability":"instock","product_availability":"instock","product_condition":"new"},"_links":{"self":[{"href":"https:\/\/www.xtirpa.com\/es\/wp-json\/wp\/v2\/product\/6004","targetHints":{"allow":["GET"]}}],"collection":[{"href":"https:\/\/www.xtirpa.com\/es\/wp-json\/wp\/v2\/product"}],"about":[{"href":"https:\/\/www.xtirpa.com\/es\/wp-json\/wp\/v2\/types\/product"}],"version-history":[{"count":0,"href":"https:\/\/www.xtirpa.com\/es\/wp-json\/wp\/v2\/product\/6004\/revisions"}],"wp:featuredmedia":[{"embeddable":true,"href":"https:\/\/www.xtirpa.com\/es\/wp-json\/wp\/v2\/media\/7439"}],"wp:attachment":[{"href":"https:\/\/www.xtirpa.com\/es\/wp-json\/wp\/v2\/media?parent=6004"}],"wp:term":[{"taxonomy":"product_brand","embeddable":true,"href":"https:\/\/www.xtirpa.com\/es\/wp-json\/wp\/v2\/product_brand?post=6004"},{"taxonomy":"product_cat","embeddable":true,"href":"https:\/\/www.xtirpa.com\/es\/wp-json\/wp\/v2\/product_cat?post=6004"},{"taxonomy":"product_tag","embeddable":true,"href":"https:\/\/www.xtirpa.com\/es\/wp-json\/wp\/v2\/product_tag?post=6004"}],"curies":[{"name":"wp","href":"https:\/\/api.w.org\/{rel}","templated":true}]}}